{"id":1591,"date":"2025-09-09T13:13:18","date_gmt":"2025-09-09T13:13:18","guid":{"rendered":"https:\/\/vorschau.fleischer-rlp.de\/?page_id=1591"},"modified":"2025-09-10T08:37:04","modified_gmt":"2025-09-10T08:37:04","slug":"news","status":"publish","type":"page","link":"https:\/\/vorschau.fleischer-rlp.de\/index.php\/news\/","title":{"rendered":"News"},"content":{"rendered":"\t\t<div data-elementor-type=\"wp-page\" data-elementor-id=\"1591\" class=\"elementor elementor-1591\" data-elementor-post-type=\"page\">\n\t\t\t\t<div class=\"elementor-element elementor-element-5fa3f01 e-con-full e-flex e-con e-parent\" data-id=\"5fa3f01\" data-element_type=\"container\">\n\t\t\t\t<div class=\"elementor-element elementor-element-0bc037f animated-slow elementor-invisible elementor-widget elementor-widget-heading\" data-id=\"0bc037f\" data-element_type=\"widget\" data-settings=\"{&quot;_animation&quot;:&quot;slideInUp&quot;}\" data-widget_type=\"heading.default\">\n\t\t\t\t<div class=\"elementor-widget-container\">\n\t\t\t\t\t<h2 class=\"elementor-heading-title elementor-size-default\">Wissenswertes<\/h2>\t\t\t\t<\/div>\n\t\t\t\t<\/div>\n\t\t\t\t<div class=\"elementor-element elementor-element-88b4f30 animated-slow elementor-invisible elementor-widget elementor-widget-heading\" data-id=\"88b4f30\" data-element_type=\"widget\" data-settings=\"{&quot;_animation&quot;:&quot;slideInUp&quot;}\" data-widget_type=\"heading.default\">\n\t\t\t\t<div class=\"elementor-widget-container\">\n\t\t\t\t\t<h2 class=\"elementor-heading-title elementor-size-default\">Gut zu wissen<\/h2>\t\t\t\t<\/div>\n\t\t\t\t<\/div>\n\t\t\t\t<\/div>\n\t\t<div class=\"elementor-element elementor-element-ffc88b4 e-con-full e-flex e-con e-parent\" data-id=\"ffc88b4\" data-element_type=\"container\">\n\t\t\t\t<div class=\"elementor-element elementor-element-09e9cc4 elementor-grid-3 elementor-grid-tablet-2 elementor-grid-mobile-1 elementor-posts--thumbnail-top elementor-card-shadow-yes elementor-posts__hover-gradient elementor-widget elementor-widget-posts\" data-id=\"09e9cc4\" data-element_type=\"widget\" data-settings=\"{&quot;cards_row_gap&quot;:{&quot;unit&quot;:&quot;px&quot;,&quot;size&quot;:50,&quot;sizes&quot;:[]},&quot;cards_columns&quot;:&quot;3&quot;,&quot;cards_columns_tablet&quot;:&quot;2&quot;,&quot;cards_columns_mobile&quot;:&quot;1&quot;,&quot;cards_row_gap_tablet&quot;:{&quot;unit&quot;:&quot;px&quot;,&quot;size&quot;:&quot;&quot;,&quot;sizes&quot;:[]},&quot;cards_row_gap_mobile&quot;:{&quot;unit&quot;:&quot;px&quot;,&quot;size&quot;:&quot;&quot;,&quot;sizes&quot;:[]}}\" data-widget_type=\"posts.cards\">\n\t\t\t\t<div class=\"elementor-widget-container\">\n\t\t\t\t\t\t\t<div class=\"elementor-posts-container elementor-posts elementor-posts--skin-cards elementor-grid\" role=\"list\">\n\t\t\t\t<article class=\"elementor-post elementor-grid-item post-1588 post type-post status-publish format-standard has-post-thumbnail hentry category-news entry has-media\" role=\"listitem\">\n\t\t\t<div class=\"elementor-post__card\">\n\t\t\t\t<a class=\"elementor-post__thumbnail__link\" href=\"https:\/\/vorschau.fleischer-rlp.de\/index.php\/2025\/09\/09\/genussmacher-ueberzeugten-jury-mit-spitzenprodukten\/\" tabindex=\"-1\" ><div class=\"elementor-post__thumbnail\"><img fetchpriority=\"high\" decoding=\"async\" width=\"600\" height=\"354\" src=\"https:\/\/vorschau.fleischer-rlp.de\/wp-content\/uploads\/2025\/09\/genussmacher.jpg\" class=\"attachment-full size-full wp-image-1589\" alt=\"Genussmacher \u00fcberzeugten Jury mit Spitzenprodukten\" srcset=\"https:\/\/vorschau.fleischer-rlp.de\/wp-content\/uploads\/2025\/09\/genussmacher.jpg 600w, https:\/\/vorschau.fleischer-rlp.de\/wp-content\/uploads\/2025\/09\/genussmacher-300x177.jpg 300w\" sizes=\"(max-width: 600px) 100vw, 600px\" \/><\/div><\/a>\n\t\t\t\t<div class=\"elementor-post__badge\">News<\/div>\n\t\t\t\t<div class=\"elementor-post__text\">\n\t\t\t\t<h3 class=\"elementor-post__title\">\n\t\t\t<a href=\"https:\/\/vorschau.fleischer-rlp.de\/index.php\/2025\/09\/09\/genussmacher-ueberzeugten-jury-mit-spitzenprodukten\/\" >\n\t\t\t\tGenussmacher \u00fcberzeugten Jury mit Spitzenprodukten\t\t\t<\/a>\n\t\t<\/h3>\n\t\t\t\t<div class=\"elementor-post__excerpt\">\n\t\t\t<p>Die wilde Weihnachtsbratwurst, der Beef-Bei\u00dfer oder doch die Leberpastete mit Rehfleisch: Welches Produkt bietet den h\u00f6chsten Genussmoment und wird das Rennen machen? Das war die Frage, dem der Fleischerverband Rheinland-Rheinhessen<\/p>\n\t\t<\/div>\n\t\t\n\t\t<a class=\"elementor-post__read-more\" href=\"https:\/\/vorschau.fleischer-rlp.de\/index.php\/2025\/09\/09\/genussmacher-ueberzeugten-jury-mit-spitzenprodukten\/\" aria-label=\"Mehr \u00fcber Genussmacher \u00fcberzeugten Jury mit Spitzenprodukten\" tabindex=\"-1\" >\n\t\t\tWeiterlesen \u00bb\t\t<\/a>\n\n\t\t\t\t<\/div>\n\t\t\t\t<div class=\"elementor-post__meta-data\">\n\t\t\t\t\t<span class=\"elementor-post-date\">\n\t\t\tSeptember 9, 2025\t\t<\/span>\n\t\t\t\t<span class=\"elementor-post-avatar\">\n\t\t\tKeine Kommentare\t\t<\/span>\n\t\t\t\t<\/div>\n\t\t\t\t\t<\/div>\n\t\t<\/article>\n\t\t\t\t<article class=\"elementor-post elementor-grid-item post-1606 post type-post status-publish format-standard has-post-thumbnail hentry category-news entry has-media\" role=\"listitem\">\n\t\t\t<div class=\"elementor-post__card\">\n\t\t\t\t<a class=\"elementor-post__thumbnail__link\" href=\"https:\/\/vorschau.fleischer-rlp.de\/index.php\/2023\/09\/09\/die-besten-im-genusshandwerk-in-rheinland-pfalz-ausgezeichnet\/\" tabindex=\"-1\" ><div class=\"elementor-post__thumbnail\"><img decoding=\"async\" width=\"600\" height=\"387\" src=\"https:\/\/vorschau.fleischer-rlp.de\/wp-content\/uploads\/2025\/09\/dieBesten.jpg\" class=\"attachment-full size-full wp-image-1607\" alt=\"Die Besten im Genusshandwerk in Rheinland-Pfalz ausgezeichnet\" srcset=\"https:\/\/vorschau.fleischer-rlp.de\/wp-content\/uploads\/2025\/09\/dieBesten.jpg 600w, https:\/\/vorschau.fleischer-rlp.de\/wp-content\/uploads\/2025\/09\/dieBesten-300x194.jpg 300w\" sizes=\"(max-width: 600px) 100vw, 600px\" \/><\/div><\/a>\n\t\t\t\t<div class=\"elementor-post__badge\">News<\/div>\n\t\t\t\t<div class=\"elementor-post__text\">\n\t\t\t\t<h3 class=\"elementor-post__title\">\n\t\t\t<a href=\"https:\/\/vorschau.fleischer-rlp.de\/index.php\/2023\/09\/09\/die-besten-im-genusshandwerk-in-rheinland-pfalz-ausgezeichnet\/\" >\n\t\t\t\tDie Besten im Genusshandwerk in Rheinland-Pfalz ausgezeichnet\t\t\t<\/a>\n\t\t<\/h3>\n\t\t\t\t<div class=\"elementor-post__excerpt\">\n\t\t\t<p>Wirtschaftsministerin Daniela Schmitt verleiht den Landesehrenpreis im Genusshandwerk und zeichnet 32 Lebensmittelhandwerksbetriebe mit dem \u201eLandesehrenpreis Rheinland-Pfalz 2023 im Genusshandwerk\u201c aus. Jeden Tag versorgt das Lebensmittelhandwerk in Rheinland-Pfalz tausende Menschen mit<\/p>\n\t\t<\/div>\n\t\t\n\t\t<a class=\"elementor-post__read-more\" href=\"https:\/\/vorschau.fleischer-rlp.de\/index.php\/2023\/09\/09\/die-besten-im-genusshandwerk-in-rheinland-pfalz-ausgezeichnet\/\" aria-label=\"Mehr \u00fcber Die Besten im Genusshandwerk in Rheinland-Pfalz ausgezeichnet\" tabindex=\"-1\" >\n\t\t\tWeiterlesen \u00bb\t\t<\/a>\n\n\t\t\t\t<\/div>\n\t\t\t\t<div class=\"elementor-post__meta-data\">\n\t\t\t\t\t<span class=\"elementor-post-date\">\n\t\t\tSeptember 9, 2023\t\t<\/span>\n\t\t\t\t<span class=\"elementor-post-avatar\">\n\t\t\tKeine Kommentare\t\t<\/span>\n\t\t\t\t<\/div>\n\t\t\t\t\t<\/div>\n\t\t<\/article>\n\t\t\t\t<article class=\"elementor-post elementor-grid-item post-1642 post type-post status-publish format-standard has-post-thumbnail hentry category-news entry has-media\" role=\"listitem\">\n\t\t\t<div class=\"elementor-post__card\">\n\t\t\t\t<a class=\"elementor-post__thumbnail__link\" href=\"https:\/\/vorschau.fleischer-rlp.de\/index.php\/2023\/03\/08\/fleischerhandwerk-will-klasse-statt-masse\/\" tabindex=\"-1\" ><div class=\"elementor-post__thumbnail\"><img decoding=\"async\" width=\"600\" height=\"386\" src=\"https:\/\/vorschau.fleischer-rlp.de\/wp-content\/uploads\/2025\/09\/klasse.jpg\" class=\"attachment-full size-full wp-image-1643\" alt=\"Fleischerhandwerk will Klasse statt Masse\" srcset=\"https:\/\/vorschau.fleischer-rlp.de\/wp-content\/uploads\/2025\/09\/klasse.jpg 600w, https:\/\/vorschau.fleischer-rlp.de\/wp-content\/uploads\/2025\/09\/klasse-300x193.jpg 300w\" sizes=\"(max-width: 600px) 100vw, 600px\" \/><\/div><\/a>\n\t\t\t\t<div class=\"elementor-post__badge\">News<\/div>\n\t\t\t\t<div class=\"elementor-post__text\">\n\t\t\t\t<h3 class=\"elementor-post__title\">\n\t\t\t<a href=\"https:\/\/vorschau.fleischer-rlp.de\/index.php\/2023\/03\/08\/fleischerhandwerk-will-klasse-statt-masse\/\" >\n\t\t\t\tFleischerhandwerk will Klasse statt Masse\t\t\t<\/a>\n\t\t<\/h3>\n\t\t\t\t<div class=\"elementor-post__excerpt\">\n\t\t\t<p>Fleischerverband Rheinland-Rheinhessen w\u00e4hlte Vorstand Sie wird auch weiterhin die Geschicke des Fleischerverbandes Rheinland-Rheinhessen leiten: Dagmar Gro\u00df-Mauer ist in ihrem Amt als Landesinnungsmeisterin best\u00e4tigt worden. Zur Tagung mit Neuwahlen des Vorstandes<\/p>\n\t\t<\/div>\n\t\t\n\t\t<a class=\"elementor-post__read-more\" href=\"https:\/\/vorschau.fleischer-rlp.de\/index.php\/2023\/03\/08\/fleischerhandwerk-will-klasse-statt-masse\/\" aria-label=\"Mehr \u00fcber Fleischerhandwerk will Klasse statt Masse\" tabindex=\"-1\" >\n\t\t\tWeiterlesen \u00bb\t\t<\/a>\n\n\t\t\t\t<\/div>\n\t\t\t\t<div class=\"elementor-post__meta-data\">\n\t\t\t\t\t<span class=\"elementor-post-date\">\n\t\t\tM\u00e4rz 8, 2023\t\t<\/span>\n\t\t\t\t<span class=\"elementor-post-avatar\">\n\t\t\tKeine Kommentare\t\t<\/span>\n\t\t\t\t<\/div>\n\t\t\t\t\t<\/div>\n\t\t<\/article>\n\t\t\t\t<article class=\"elementor-post elementor-grid-item post-1645 post type-post status-publish format-standard has-post-thumbnail hentry category-news entry has-media\" role=\"listitem\">\n\t\t\t<div class=\"elementor-post__card\">\n\t\t\t\t<a class=\"elementor-post__thumbnail__link\" href=\"https:\/\/vorschau.fleischer-rlp.de\/index.php\/2022\/05\/05\/herzhafte-spezialitaeten-aus-meisterhand-praemiert\/\" tabindex=\"-1\" ><div class=\"elementor-post__thumbnail\"><img loading=\"lazy\" decoding=\"async\" width=\"600\" height=\"285\" src=\"https:\/\/vorschau.fleischer-rlp.de\/wp-content\/uploads\/2025\/09\/spezialitaeten.jpg\" class=\"attachment-full size-full wp-image-1646\" alt=\"Herzhafte Spezialit\u00e4ten aus Meisterhand pr\u00e4miert\" srcset=\"https:\/\/vorschau.fleischer-rlp.de\/wp-content\/uploads\/2025\/09\/spezialitaeten.jpg 600w, https:\/\/vorschau.fleischer-rlp.de\/wp-content\/uploads\/2025\/09\/spezialitaeten-300x143.jpg 300w\" sizes=\"(max-width: 600px) 100vw, 600px\" \/><\/div><\/a>\n\t\t\t\t<div class=\"elementor-post__badge\">News<\/div>\n\t\t\t\t<div class=\"elementor-post__text\">\n\t\t\t\t<h3 class=\"elementor-post__title\">\n\t\t\t<a href=\"https:\/\/vorschau.fleischer-rlp.de\/index.php\/2022\/05\/05\/herzhafte-spezialitaeten-aus-meisterhand-praemiert\/\" >\n\t\t\t\tHerzhafte Spezialit\u00e4ten aus Meisterhand pr\u00e4miert\t\t\t<\/a>\n\t\t<\/h3>\n\t\t\t\t<div class=\"elementor-post__excerpt\">\n\t\t\t<p>Herzhafte Spezialit\u00e4ten aus Meisterhand pr\u00e4miert Das war ein Fest f\u00fcr den Gaumen. 180-mal Gold, 23-mal Silber und 3-mal Bronze: Die Ergebnisse der nunmehr neunten Auflage der freiwilligen Selbstkontrolle, durchgef\u00fchrt vom<\/p>\n\t\t<\/div>\n\t\t\n\t\t<a class=\"elementor-post__read-more\" href=\"https:\/\/vorschau.fleischer-rlp.de\/index.php\/2022\/05\/05\/herzhafte-spezialitaeten-aus-meisterhand-praemiert\/\" aria-label=\"Mehr \u00fcber Herzhafte Spezialit\u00e4ten aus Meisterhand pr\u00e4miert\" tabindex=\"-1\" >\n\t\t\tWeiterlesen \u00bb\t\t<\/a>\n\n\t\t\t\t<\/div>\n\t\t\t\t<div class=\"elementor-post__meta-data\">\n\t\t\t\t\t<span class=\"elementor-post-date\">\n\t\t\tMai 5, 2022\t\t<\/span>\n\t\t\t\t<span class=\"elementor-post-avatar\">\n\t\t\tKeine Kommentare\t\t<\/span>\n\t\t\t\t<\/div>\n\t\t\t\t\t<\/div>\n\t\t<\/article>\n\t\t\t\t<article class=\"elementor-post elementor-grid-item post-1649 post type-post status-publish format-standard has-post-thumbnail hentry category-news entry has-media\" role=\"listitem\">\n\t\t\t<div class=\"elementor-post__card\">\n\t\t\t\t<a class=\"elementor-post__thumbnail__link\" href=\"https:\/\/vorschau.fleischer-rlp.de\/index.php\/2021\/04\/17\/dagmar-gross-mauer-zur-landesinnungsmeisterin-gewaehlt\/\" tabindex=\"-1\" ><div class=\"elementor-post__thumbnail\"><img loading=\"lazy\" decoding=\"async\" width=\"600\" height=\"450\" src=\"https:\/\/vorschau.fleischer-rlp.de\/wp-content\/uploads\/2025\/09\/leibundseele.jpg\" class=\"attachment-full size-full wp-image-1650\" alt=\"Dagmar Gro\u00df-Mauer zur Landesinnungsmeisterin gew\u00e4hlt\" srcset=\"https:\/\/vorschau.fleischer-rlp.de\/wp-content\/uploads\/2025\/09\/leibundseele.jpg 600w, https:\/\/vorschau.fleischer-rlp.de\/wp-content\/uploads\/2025\/09\/leibundseele-300x225.jpg 300w\" sizes=\"(max-width: 600px) 100vw, 600px\" \/><\/div><\/a>\n\t\t\t\t<div class=\"elementor-post__badge\">News<\/div>\n\t\t\t\t<div class=\"elementor-post__text\">\n\t\t\t\t<h3 class=\"elementor-post__title\">\n\t\t\t<a href=\"https:\/\/vorschau.fleischer-rlp.de\/index.php\/2021\/04\/17\/dagmar-gross-mauer-zur-landesinnungsmeisterin-gewaehlt\/\" >\n\t\t\t\tDagmar Gro\u00df-Mauer zur Landesinnungsmeisterin gew\u00e4hlt\t\t\t<\/a>\n\t\t<\/h3>\n\t\t\t\t<div class=\"elementor-post__excerpt\">\n\t\t\t<p>Mit Leib und Seele Fleischermeisterin RLP\/ ST. GOAR. Dagmar Gro\u00df-Mauer ist neue Landesinnungsmeisterin des Fleischerverbandes Rheinland-Rheinhessen. Einstimmig gew\u00e4hlt wurde die Fleischermeisterin und Ern\u00e4hrungsberaterin aus Kempenich im Rahmen der jetzigen Delegiertenversammlung<\/p>\n\t\t<\/div>\n\t\t\n\t\t<a class=\"elementor-post__read-more\" href=\"https:\/\/vorschau.fleischer-rlp.de\/index.php\/2021\/04\/17\/dagmar-gross-mauer-zur-landesinnungsmeisterin-gewaehlt\/\" aria-label=\"Mehr \u00fcber Dagmar Gro\u00df-Mauer zur Landesinnungsmeisterin gew\u00e4hlt\" tabindex=\"-1\" >\n\t\t\tWeiterlesen \u00bb\t\t<\/a>\n\n\t\t\t\t<\/div>\n\t\t\t\t<div class=\"elementor-post__meta-data\">\n\t\t\t\t\t<span class=\"elementor-post-date\">\n\t\t\tApril 17, 2021\t\t<\/span>\n\t\t\t\t<span class=\"elementor-post-avatar\">\n\t\t\tKeine Kommentare\t\t<\/span>\n\t\t\t\t<\/div>\n\t\t\t\t\t<\/div>\n\t\t<\/article>\n\t\t\t\t<\/div>\n\t\t\n\t\t\t\t\t\t<\/div>\n\t\t\t\t<\/div>\n\t\t\t\t<\/div>\n\t\t<div class=\"elementor-element elementor-element-d81048a e-con-full e-flex e-con e-parent\" data-id=\"d81048a\" data-element_type=\"container\" data-settings=\"{&quot;background_background&quot;:&quot;classic&quot;}\">\n\t\t\t\t<\/div>\n\t\t\t\t<\/div>\n\t\t","protected":false},"excerpt":{"rendered":"<p>Wissenswertes Gut zu wissen<\/p>\n","protected":false},"author":1,"featured_media":0,"parent":0,"menu_order":0,"comment_status":"closed","ping_status":"closed","template":"","meta":{"ocean_post_layout":"","ocean_both_sidebars_style":"","ocean_both_sidebars_content_width":0,"ocean_both_sidebars_sidebars_width":0,"ocean_sidebar":"","ocean_second_sidebar":"","ocean_disable_margins":"enable","ocean_add_body_class":"","ocean_shortcode_before_top_bar":"","ocean_shortcode_after_top_bar":"","ocean_shortcode_before_header":"","ocean_shortcode_after_header":"","ocean_has_shortcode":"","ocean_shortcode_after_title":"","ocean_shortcode_before_footer_widgets":"","ocean_shortcode_after_footer_widgets":"","ocean_shortcode_before_footer_bottom":"","ocean_shortcode_after_footer_bottom":"","ocean_display_top_bar":"default","ocean_display_header":"default","ocean_header_style":"minimal","ocean_center_header_left_menu":"","ocean_custom_header_template":"","ocean_custom_logo":0,"ocean_custom_retina_logo":0,"ocean_custom_logo_max_width":0,"ocean_custom_logo_tablet_max_width":0,"ocean_custom_logo_mobile_max_width":0,"ocean_custom_logo_max_height":0,"ocean_custom_logo_tablet_max_height":0,"ocean_custom_logo_mobile_max_height":0,"ocean_header_custom_menu":"","ocean_menu_typo_font_family":"","ocean_menu_typo_font_subset":"","ocean_menu_typo_font_size":0,"ocean_menu_typo_font_size_tablet":0,"ocean_menu_typo_font_size_mobile":0,"ocean_menu_typo_font_size_unit":"px","ocean_menu_typo_font_weight":"","ocean_menu_typo_font_weight_tablet":"","ocean_menu_typo_font_weight_mobile":"","ocean_menu_typo_transform":"","ocean_menu_typo_transform_tablet":"","ocean_menu_typo_transform_mobile":"","ocean_menu_typo_line_height":0,"ocean_menu_typo_line_height_tablet":0,"ocean_menu_typo_line_height_mobile":0,"ocean_menu_typo_line_height_unit":"","ocean_menu_typo_spacing":0,"ocean_menu_typo_spacing_tablet":0,"ocean_menu_typo_spacing_mobile":0,"ocean_menu_typo_spacing_unit":"","ocean_menu_link_color":"","ocean_menu_link_color_hover":"","ocean_menu_link_color_active":"","ocean_menu_link_background":"","ocean_menu_link_hover_background":"","ocean_menu_link_active_background":"","ocean_menu_social_links_bg":"","ocean_menu_social_hover_links_bg":"","ocean_menu_social_links_color":"","ocean_menu_social_hover_links_color":"","ocean_disable_title":"default","ocean_disable_heading":"default","ocean_post_title":"","ocean_post_subheading":"","ocean_post_title_style":"","ocean_post_title_background_color":"","ocean_post_title_background":0,"ocean_post_title_bg_image_position":"","ocean_post_title_bg_image_attachment":"","ocean_post_title_bg_image_repeat":"","ocean_post_title_bg_image_size":"","ocean_post_title_height":0,"ocean_post_title_bg_overlay":0.5,"ocean_post_title_bg_overlay_color":"","ocean_disable_breadcrumbs":"default","ocean_breadcrumbs_color":"","ocean_breadcrumbs_separator_color":"","ocean_breadcrumbs_links_color":"","ocean_breadcrumbs_links_hover_color":"","ocean_display_footer_widgets":"default","ocean_display_footer_bottom":"default","ocean_custom_footer_template":"","footnotes":""},"class_list":["post-1591","page","type-page","status-publish","hentry","entry","has-media"],"_links":{"self":[{"href":"https:\/\/vorschau.fleischer-rlp.de\/index.php\/wp-json\/wp\/v2\/pages\/1591","targetHints":{"allow":["GET"]}}],"collection":[{"href":"https:\/\/vorschau.fleischer-rlp.de\/index.php\/wp-json\/wp\/v2\/pages"}],"about":[{"href":"https:\/\/vorschau.fleischer-rlp.de\/index.php\/wp-json\/wp\/v2\/types\/page"}],"author":[{"embeddable":true,"href":"https:\/\/vorschau.fleischer-rlp.de\/index.php\/wp-json\/wp\/v2\/users\/1"}],"replies":[{"embeddable":true,"href":"https:\/\/vorschau.fleischer-rlp.de\/index.php\/wp-json\/wp\/v2\/comments?post=1591"}],"version-history":[{"count":0,"href":"https:\/\/vorschau.fleischer-rlp.de\/index.php\/wp-json\/wp\/v2\/pages\/1591\/revisions"}],"wp:attachment":[{"href":"https:\/\/vorschau.fleischer-rlp.de\/index.php\/wp-json\/wp\/v2\/media?parent=1591"}],"curies":[{"name":"wp","href":"https:\/\/api.w.org\/{rel}","templated":true}]}}