{"id":1664,"date":"2025-09-10T08:39:55","date_gmt":"2025-09-10T08:39:55","guid":{"rendered":"https:\/\/vorschau.fleischer-rlp.de\/?page_id=1664"},"modified":"2025-09-10T08:42:48","modified_gmt":"2025-09-10T08:42:48","slug":"galerie","status":"publish","type":"page","link":"https:\/\/vorschau.fleischer-rlp.de\/index.php\/galerie\/","title":{"rendered":"Galerie"},"content":{"rendered":"\t\t<div data-elementor-type=\"wp-page\" data-elementor-id=\"1664\" class=\"elementor elementor-1664\" data-elementor-post-type=\"page\">\n\t\t\t\t<div class=\"elementor-element elementor-element-5fa3f01 e-con-full e-flex e-con e-parent\" data-id=\"5fa3f01\" data-element_type=\"container\">\n\t\t\t\t<div class=\"elementor-element elementor-element-0bc037f animated-slow elementor-invisible elementor-widget elementor-widget-heading\" data-id=\"0bc037f\" data-element_type=\"widget\" data-settings=\"{&quot;_animation&quot;:&quot;slideInUp&quot;}\" data-widget_type=\"heading.default\">\n\t\t\t\t<div class=\"elementor-widget-container\">\n\t\t\t\t\t<h2 class=\"elementor-heading-title elementor-size-default\">Einblicke gewinnen<\/h2>\t\t\t\t<\/div>\n\t\t\t\t<\/div>\n\t\t\t\t<div class=\"elementor-element elementor-element-88b4f30 animated-slow elementor-invisible elementor-widget elementor-widget-heading\" data-id=\"88b4f30\" data-element_type=\"widget\" data-settings=\"{&quot;_animation&quot;:&quot;slideInUp&quot;}\" data-widget_type=\"heading.default\">\n\t\t\t\t<div class=\"elementor-widget-container\">\n\t\t\t\t\t<h2 class=\"elementor-heading-title elementor-size-default\">Unsere Fotogalerie<\/h2>\t\t\t\t<\/div>\n\t\t\t\t<\/div>\n\t\t\t\t<\/div>\n\t\t<div class=\"elementor-element elementor-element-ffc88b4 e-con-full e-flex e-con e-parent\" data-id=\"ffc88b4\" data-element_type=\"container\">\n\t\t\t\t<div class=\"elementor-element elementor-element-c31deaa elementor-widget elementor-widget-gallery\" data-id=\"c31deaa\" data-element_type=\"widget\" data-settings=\"{&quot;lazyload&quot;:&quot;yes&quot;,&quot;gallery_layout&quot;:&quot;grid&quot;,&quot;columns&quot;:4,&quot;columns_tablet&quot;:2,&quot;columns_mobile&quot;:1,&quot;gap&quot;:{&quot;unit&quot;:&quot;px&quot;,&quot;size&quot;:10,&quot;sizes&quot;:[]},&quot;gap_tablet&quot;:{&quot;unit&quot;:&quot;px&quot;,&quot;size&quot;:10,&quot;sizes&quot;:[]},&quot;gap_mobile&quot;:{&quot;unit&quot;:&quot;px&quot;,&quot;size&quot;:10,&quot;sizes&quot;:[]},&quot;link_to&quot;:&quot;file&quot;,&quot;aspect_ratio&quot;:&quot;3:2&quot;,&quot;show_all_galleries&quot;:&quot;yes&quot;,&quot;overlay_background&quot;:&quot;yes&quot;,&quot;content_hover_animation&quot;:&quot;fade-in&quot;}\" data-widget_type=\"gallery.default\">\n\t\t\t\t<div class=\"elementor-widget-container\">\n\t\t\t\t\t\t\t\t<div class=\"elementor-gallery__titles-container e--pointer-underline e--animation-fade\" aria-label=\"Galeriefilter\">\n\t\t\t\t\t\t\t\t\t<a class=\"elementor-item elementor-gallery-title\" role=\"button\" tabindex=\"0\" data-gallery-index=\"all\">\n\t\t\t\t\t\tAlle\t\t\t\t\t<\/a>\n\t\t\t\t\n\t\t\t\t\t\t\t\t\t<a class=\"elementor-item elementor-gallery-title\" role=\"button\" tabindex=\"0\" data-gallery-index=\"0\">\n\t\t\t\t\t\tJubil\u00e4um 2018\t\t\t\t\t<\/a>\n\t\t\t\t\t\t\t\t<\/div>\n\t\t\t\t\t<div class=\"elementor-gallery__container\">\n\t\t\t\t\t\t\t<a class=\"e-gallery-item elementor-gallery-item elementor-animated-content\" data-e-gallery-tags=\"0\" href=\"https:\/\/vorschau.fleischer-rlp.de\/wp-content\/uploads\/2025\/09\/jubilaeum1.jpg\" data-elementor-open-lightbox=\"yes\" data-elementor-lightbox-slideshow=\"c31deaa\" data-elementor-lightbox-title=\"Jubil\u00e4um 2018\" data-elementor-lightbox-description=\"Das 70j\u00e4hrige Jubil\u00e4um des Fleischerverbandes und die Verleihung der Urkunden der Freiwilligen Selbstkontrolle fand am 27.10.2018 im Gew\u00f6lbekeller der Burg Rheinfels in St. Goar statt.\" data-e-action-hash=\"#elementor-action%3Aaction%3Dlightbox%26settings%3DeyJpZCI6MTY2NiwidXJsIjoiaHR0cHM6XC9cL3ZvcnNjaGF1LmZsZWlzY2hlci1ybHAuZGVcL3dwLWNvbnRlbnRcL3VwbG9hZHNcLzIwMjVcLzA5XC9qdWJpbGFldW0xLmpwZyIsInNsaWRlc2hvdyI6ImMzMWRlYWEifQ%3D%3D\">\n\t\t\t\t\t<div class=\"e-gallery-image elementor-gallery-item__image\" data-thumbnail=\"https:\/\/vorschau.fleischer-rlp.de\/wp-content\/uploads\/2025\/09\/jubilaeum1.jpg\" data-width=\"1024\" data-height=\"682\" aria-label=\"Das 70j\u00e4hrige Jubil\u00e4um des Fleischerverbandes und die Verleihung der Urkunden der Freiwilligen Selbstkontrolle fand am 27.10.2018 im Gew\u00f6lbekeller der Burg Rheinfels in St. Goar statt.\" role=\"img\" ><\/div>\n\t\t\t\t\t\t\t\t\t\t\t<div class=\"elementor-gallery-item__overlay\"><\/div>\n\t\t\t\t\t\t\t\t\t\t\t\t\t\t<\/a>\n\t\t\t\t\t\t\t<a class=\"e-gallery-item elementor-gallery-item elementor-animated-content\" data-e-gallery-tags=\"0\" href=\"https:\/\/vorschau.fleischer-rlp.de\/wp-content\/uploads\/2025\/09\/jubilaeum2.jpg\" data-elementor-open-lightbox=\"yes\" data-elementor-lightbox-slideshow=\"c31deaa\" data-elementor-lightbox-title=\"Jubil\u00e4um 2018\" data-elementor-lightbox-description=\"Die Pl\u00e4tze 1 bis 3 der FSK wurden zu Beginn geehrt.\n1. Platz Harry und Christian Petry, Bingen-B\u00fcdesheim\n2. Platz Familien-Fleischerei K\u00f6nen gmbH &amp; Co.KG, Saarburg\n3. Platz Herbert Bayer KG, Niederwallmenach\nEs gratulierten Landesinnungsmeister Markus Kramb, Gesch\u00e4ftsf\u00fchrer Alexander Zeitler und Minister Roger Lewentz\" data-e-action-hash=\"#elementor-action%3Aaction%3Dlightbox%26settings%3DeyJpZCI6MTY2NywidXJsIjoiaHR0cHM6XC9cL3ZvcnNjaGF1LmZsZWlzY2hlci1ybHAuZGVcL3dwLWNvbnRlbnRcL3VwbG9hZHNcLzIwMjVcLzA5XC9qdWJpbGFldW0yLmpwZyIsInNsaWRlc2hvdyI6ImMzMWRlYWEifQ%3D%3D\">\n\t\t\t\t\t<div class=\"e-gallery-image elementor-gallery-item__image\" data-thumbnail=\"https:\/\/vorschau.fleischer-rlp.de\/wp-content\/uploads\/2025\/09\/jubilaeum2.jpg\" data-width=\"1024\" data-height=\"682\" aria-label=\"Die Pl\u00e4tze 1 bis 3 der FSK wurden zu Beginn geehrt. 1. Platz Harry und Christian Petry, Bingen-B\u00fcdesheim 2. Platz Familien-Fleischerei K\u00f6nen gmbH &amp; Co.KG, Saarburg 3. Platz Herbert Bayer KG, Niederwallmenach Es gratulierten Landesinnungsmeister Markus Kramb, Gesch\u00e4ftsf\u00fchrer Alexander Zeitler und Minister Roger Lewentz\" role=\"img\" ><\/div>\n\t\t\t\t\t\t\t\t\t\t\t<div class=\"elementor-gallery-item__overlay\"><\/div>\n\t\t\t\t\t\t\t\t\t\t\t\t\t\t<\/a>\n\t\t\t\t\t\t\t<a class=\"e-gallery-item elementor-gallery-item elementor-animated-content\" data-e-gallery-tags=\"0\" href=\"https:\/\/vorschau.fleischer-rlp.de\/wp-content\/uploads\/2025\/09\/jubilaeum3.jpg\" data-elementor-open-lightbox=\"yes\" data-elementor-lightbox-slideshow=\"c31deaa\" data-elementor-lightbox-title=\"Jubil\u00e4um 2018\" data-elementor-lightbox-description=\"Ein gelungener Abend mit tollem Ambiente, leckerem Essen und anregende Gespr\u00e4chen trotz der unerwartet k\u00fchlen Temperaturen.\" data-e-action-hash=\"#elementor-action%3Aaction%3Dlightbox%26settings%3DeyJpZCI6MTY2OCwidXJsIjoiaHR0cHM6XC9cL3ZvcnNjaGF1LmZsZWlzY2hlci1ybHAuZGVcL3dwLWNvbnRlbnRcL3VwbG9hZHNcLzIwMjVcLzA5XC9qdWJpbGFldW0zLmpwZyIsInNsaWRlc2hvdyI6ImMzMWRlYWEifQ%3D%3D\">\n\t\t\t\t\t<div class=\"e-gallery-image elementor-gallery-item__image\" data-thumbnail=\"https:\/\/vorschau.fleischer-rlp.de\/wp-content\/uploads\/2025\/09\/jubilaeum3.jpg\" data-width=\"1024\" data-height=\"682\" aria-label=\"Ein gelungener Abend mit tollem Ambiente, leckerem Essen und anregende Gespr\u00e4chen trotz der unerwartet k\u00fchlen Temperaturen.\" role=\"img\" ><\/div>\n\t\t\t\t\t\t\t\t\t\t\t<div class=\"elementor-gallery-item__overlay\"><\/div>\n\t\t\t\t\t\t\t\t\t\t\t\t\t\t<\/a>\n\t\t\t\t\t\t\t<a class=\"e-gallery-item elementor-gallery-item elementor-animated-content\" data-e-gallery-tags=\"0\" href=\"https:\/\/vorschau.fleischer-rlp.de\/wp-content\/uploads\/2025\/09\/jubilaeum4.jpg\" data-elementor-open-lightbox=\"yes\" data-elementor-lightbox-slideshow=\"c31deaa\" data-elementor-lightbox-title=\"Jubil\u00e4um 2018\" data-elementor-lightbox-description=\"Zauberhafte Vorf\u00fchrungen von Tisch zu Tisch brachte die G\u00e4ste zum Staunen.\" data-e-action-hash=\"#elementor-action%3Aaction%3Dlightbox%26settings%3DeyJpZCI6MTY2OSwidXJsIjoiaHR0cHM6XC9cL3ZvcnNjaGF1LmZsZWlzY2hlci1ybHAuZGVcL3dwLWNvbnRlbnRcL3VwbG9hZHNcLzIwMjVcLzA5XC9qdWJpbGFldW00LmpwZyIsInNsaWRlc2hvdyI6ImMzMWRlYWEifQ%3D%3D\">\n\t\t\t\t\t<div class=\"e-gallery-image elementor-gallery-item__image\" data-thumbnail=\"https:\/\/vorschau.fleischer-rlp.de\/wp-content\/uploads\/2025\/09\/jubilaeum4.jpg\" data-width=\"1024\" data-height=\"682\" aria-label=\"Zauberhafte Vorf\u00fchrungen von Tisch zu Tisch brachte die G\u00e4ste zum Staunen.\" role=\"img\" ><\/div>\n\t\t\t\t\t\t\t\t\t\t\t<div class=\"elementor-gallery-item__overlay\"><\/div>\n\t\t\t\t\t\t\t\t\t\t\t\t\t\t<\/a>\n\t\t\t\t\t<\/div>\n\t\t\t\t\t<\/div>\n\t\t\t\t<\/div>\n\t\t\t\t<\/div>\n\t\t<div class=\"elementor-element elementor-element-d81048a e-con-full e-flex e-con e-parent\" data-id=\"d81048a\" data-element_type=\"container\" data-settings=\"{&quot;background_background&quot;:&quot;classic&quot;}\">\n\t\t\t\t<\/div>\n\t\t\t\t<\/div>\n\t\t","protected":false},"excerpt":{"rendered":"<p>Einblicke gewinnen Unsere Fotogalerie Alle Jubil\u00e4um 2018<\/p>\n","protected":false},"author":1,"featured_media":0,"parent":0,"menu_order":0,"comment_status":"closed","ping_status":"closed","template":"","meta":{"ocean_post_layout":"","ocean_both_sidebars_style":"","ocean_both_sidebars_content_width":0,"ocean_both_sidebars_sidebars_width":0,"ocean_sidebar":"","ocean_second_sidebar":"","ocean_disable_margins":"enable","ocean_add_body_class":"","ocean_shortcode_before_top_bar":"","ocean_shortcode_after_top_bar":"","ocean_shortcode_before_header":"","ocean_shortcode_after_header":"","ocean_has_shortcode":"","ocean_shortcode_after_title":"","ocean_shortcode_before_footer_widgets":"","ocean_shortcode_after_footer_widgets":"","ocean_shortcode_before_footer_bottom":"","ocean_shortcode_after_footer_bottom":"","ocean_display_top_bar":"default","ocean_display_header":"default","ocean_header_style":"minimal","ocean_center_header_left_menu":"","ocean_custom_header_template":"","ocean_custom_logo":0,"ocean_custom_retina_logo":0,"ocean_custom_logo_max_width":0,"ocean_custom_logo_tablet_max_width":0,"ocean_custom_logo_mobile_max_width":0,"ocean_custom_logo_max_height":0,"ocean_custom_logo_tablet_max_height":0,"ocean_custom_logo_mobile_max_height":0,"ocean_header_custom_menu":"","ocean_menu_typo_font_family":"","ocean_menu_typo_font_subset":"","ocean_menu_typo_font_size":0,"ocean_menu_typo_font_size_tablet":0,"ocean_menu_typo_font_size_mobile":0,"ocean_menu_typo_font_size_unit":"px","ocean_menu_typo_font_weight":"","ocean_menu_typo_font_weight_tablet":"","ocean_menu_typo_font_weight_mobile":"","ocean_menu_typo_transform":"","ocean_menu_typo_transform_tablet":"","ocean_menu_typo_transform_mobile":"","ocean_menu_typo_line_height":0,"ocean_menu_typo_line_height_tablet":0,"ocean_menu_typo_line_height_mobile":0,"ocean_menu_typo_line_height_unit":"","ocean_menu_typo_spacing":0,"ocean_menu_typo_spacing_tablet":0,"ocean_menu_typo_spacing_mobile":0,"ocean_menu_typo_spacing_unit":"","ocean_menu_link_color":"","ocean_menu_link_color_hover":"","ocean_menu_link_color_active":"","ocean_menu_link_background":"","ocean_menu_link_hover_background":"","ocean_menu_link_active_background":"","ocean_menu_social_links_bg":"","ocean_menu_social_hover_links_bg":"","ocean_menu_social_links_color":"","ocean_menu_social_hover_links_color":"","ocean_disable_title":"default","ocean_disable_heading":"default","ocean_post_title":"","ocean_post_subheading":"","ocean_post_title_style":"","ocean_post_title_background_color":"","ocean_post_title_background":0,"ocean_post_title_bg_image_position":"","ocean_post_title_bg_image_attachment":"","ocean_post_title_bg_image_repeat":"","ocean_post_title_bg_image_size":"","ocean_post_title_height":0,"ocean_post_title_bg_overlay":0.5,"ocean_post_title_bg_overlay_color":"","ocean_disable_breadcrumbs":"default","ocean_breadcrumbs_color":"","ocean_breadcrumbs_separator_color":"","ocean_breadcrumbs_links_color":"","ocean_breadcrumbs_links_hover_color":"","ocean_display_footer_widgets":"default","ocean_display_footer_bottom":"default","ocean_custom_footer_template":"","footnotes":""},"class_list":["post-1664","page","type-page","status-publish","hentry","entry"],"_links":{"self":[{"href":"https:\/\/vorschau.fleischer-rlp.de\/index.php\/wp-json\/wp\/v2\/pages\/1664","targetHints":{"allow":["GET"]}}],"collection":[{"href":"https:\/\/vorschau.fleischer-rlp.de\/index.php\/wp-json\/wp\/v2\/pages"}],"about":[{"href":"https:\/\/vorschau.fleischer-rlp.de\/index.php\/wp-json\/wp\/v2\/types\/page"}],"author":[{"embeddable":true,"href":"https:\/\/vorschau.fleischer-rlp.de\/index.php\/wp-json\/wp\/v2\/users\/1"}],"replies":[{"embeddable":true,"href":"https:\/\/vorschau.fleischer-rlp.de\/index.php\/wp-json\/wp\/v2\/comments?post=1664"}],"version-history":[{"count":0,"href":"https:\/\/vorschau.fleischer-rlp.de\/index.php\/wp-json\/wp\/v2\/pages\/1664\/revisions"}],"wp:attachment":[{"href":"https:\/\/vorschau.fleischer-rlp.de\/index.php\/wp-json\/wp\/v2\/media?parent=1664"}],"curies":[{"name":"wp","href":"https:\/\/api.w.org\/{rel}","templated":true}]}}